{"id":2250,"date":"2021-07-23T01:47:16","date_gmt":"2021-07-23T01:47:16","guid":{"rendered":"https:\/\/vrhotels21.wpengine.com\/silver-fern-lodge\/?page_id=2250"},"modified":"2021-11-01T23:39:09","modified_gmt":"2021-11-01T23:39:09","slug":"dining","status":"publish","type":"page","link":"https:\/\/vrhotels.co.nz\/silver-fern-lodge\/things-to-do\/dining\/","title":{"rendered":"Dining"},"content":{"rendered":"<p>[vc_row][vc_column][vc_column_text]<\/p>\n<p class=\"p1\">Get a taste of real New Zealand cuisine in Taup\u014d. With amazing eateries, world-class bakeries, and homey cafes \u2013 you\u2019re spoilt for choice! Check out Vine Eatery and Bar and find yourself transported to the Mediterranean while seated in the heart of Taup\u014d. Visit the cutest novelty stores from the Bus Stop Caf\u00e9 to the McDonalds in a plane, Taup\u014d has some hidden gems \u2013 come find them!<\/p>\n<p>[\/vc_column_text][\/vc_column][\/vc_row]<\/p>\n","protected":false},"excerpt":{"rendered":"<p>Get a taste of real New Zealand cuisine in Taup\u014d<\/p>\n","protected":false},"author":1,"featured_media":2251,"parent":2213,"menu_order":0,"comment_status":"closed","ping_status":"closed","template":"","meta":[],"yoast_head":"<!-- This site is optimized with the Yoast SEO Premium plugin v18.0 (Yoast SEO v18.1) - https:\/\/yoast.com\/wordpress\/plugins\/seo\/ -->\n<title>Dining - Silver Fern Lodge<\/title>\n<meta name=\"description\" content=\"Get a taste of real New Zealand cuisine in Taup\u014d. With amazing eateries, world-class bakeries, and homey cafes \u2013 you\u2019re spoilt for choice!\" \/>\n<meta name=\"robots\" content=\"index, follow, max-snippet:-1, max-image-preview:large, max-video-preview:-1\" \/>\n<link rel=\"canonical\" href=\"https:\/\/vrhotels.co.nz\/silver-fern-lodge\/things-to-do\/dining\/\" \/>\n<meta property=\"og:locale\" content=\"en_US\" \/>\n<meta property=\"og:type\" content=\"article\" \/>\n<meta property=\"og:title\" content=\"Dining\" \/>\n<meta property=\"og:description\" content=\"Get a taste of real New Zealand cuisine in Taup\u014d. With amazing eateries, world-class bakeries, and homey cafes \u2013 you\u2019re spoilt for choice!\" \/>\n<meta property=\"og:url\" content=\"https:\/\/vrhotels.co.nz\/silver-fern-lodge\/things-to-do\/dining\/\" \/>\n<meta property=\"og:site_name\" content=\"Silver Fern Lodge\" \/>\n<meta property=\"article:modified_time\" content=\"2021-11-01T23:39:09+00:00\" \/>\n<meta property=\"og:image\" content=\"https:\/\/vrhotels.co.nz\/silver-fern-lodge\/wp-content\/uploads\/sites\/11\/2021\/07\/dining.jpg\" \/>\n\t<meta property=\"og:image:width\" content=\"960\" \/>\n\t<meta property=\"og:image:height\" content=\"640\" \/>\n\t<meta property=\"og:image:type\" content=\"image\/jpeg\" \/>\n<meta name=\"twitter:card\" content=\"summary_large_image\" \/>\n<meta name=\"twitter:label1\" content=\"Est. reading time\" \/>\n\t<meta name=\"twitter:data1\" content=\"1 minute\" \/>\n<script type=\"application\/ld+json\" class=\"yoast-schema-graph\">{\"@context\":\"https:\/\/schema.org\",\"@graph\":[{\"@type\":\"WebSite\",\"@id\":\"https:\/\/vrhotels.co.nz\/silver-fern-lodge\/#website\",\"url\":\"https:\/\/vrhotels.co.nz\/silver-fern-lodge\/\",\"name\":\"Silver Fern Lodge\",\"description\":\"VR Hotels and Resorts\",\"potentialAction\":[{\"@type\":\"SearchAction\",\"target\":{\"@type\":\"EntryPoint\",\"urlTemplate\":\"https:\/\/vrhotels.co.nz\/silver-fern-lodge\/?s={search_term_string}\"},\"query-input\":\"required name=search_term_string\"}],\"inLanguage\":\"en-US\"},{\"@type\":\"ImageObject\",\"@id\":\"https:\/\/vrhotels.co.nz\/silver-fern-lodge\/things-to-do\/dining\/#primaryimage\",\"inLanguage\":\"en-US\",\"url\":\"https:\/\/vrhotels.co.nz\/silver-fern-lodge\/wp-content\/uploads\/sites\/11\/2021\/07\/dining.jpg\",\"contentUrl\":\"https:\/\/vrhotels.co.nz\/silver-fern-lodge\/wp-content\/uploads\/sites\/11\/2021\/07\/dining.jpg\",\"width\":960,\"height\":640},{\"@type\":\"WebPage\",\"@id\":\"https:\/\/vrhotels.co.nz\/silver-fern-lodge\/things-to-do\/dining\/#webpage\",\"url\":\"https:\/\/vrhotels.co.nz\/silver-fern-lodge\/things-to-do\/dining\/\",\"name\":\"Dining - Silver Fern Lodge\",\"isPartOf\":{\"@id\":\"https:\/\/vrhotels.co.nz\/silver-fern-lodge\/#website\"},\"primaryImageOfPage\":{\"@id\":\"https:\/\/vrhotels.co.nz\/silver-fern-lodge\/things-to-do\/dining\/#primaryimage\"},\"datePublished\":\"2021-07-23T01:47:16+00:00\",\"dateModified\":\"2021-11-01T23:39:09+00:00\",\"description\":\"Get a taste of real New Zealand cuisine in Taup\u014d. With amazing eateries, world-class bakeries, and homey cafes \u2013 you\u2019re spoilt for choice!\",\"breadcrumb\":{\"@id\":\"https:\/\/vrhotels.co.nz\/silver-fern-lodge\/things-to-do\/dining\/#breadcrumb\"},\"inLanguage\":\"en-US\",\"potentialAction\":[{\"@type\":\"ReadAction\",\"target\":[\"https:\/\/vrhotels.co.nz\/silver-fern-lodge\/things-to-do\/dining\/\"]}]},{\"@type\":\"BreadcrumbList\",\"@id\":\"https:\/\/vrhotels.co.nz\/silver-fern-lodge\/things-to-do\/dining\/#breadcrumb\",\"itemListElement\":[{\"@type\":\"ListItem\",\"position\":1,\"name\":\"Home\",\"item\":\"https:\/\/vrhotels.co.nz\/silver-fern-lodge\/\"},{\"@type\":\"ListItem\",\"position\":2,\"name\":\"Things to do\",\"item\":\"https:\/\/vrhotels.co.nz\/silver-fern-lodge\/things-to-do\/\"},{\"@type\":\"ListItem\",\"position\":3,\"name\":\"Dining\"}]}]}<\/script>\n<!-- \/ Yoast SEO Premium plugin. -->","yoast_head_json":{"title":"Dining - Silver Fern Lodge","description":"Get a taste of real New Zealand cuisine in Taup\u014d. With amazing eateries, world-class bakeries, and homey cafes \u2013 you\u2019re spoilt for choice!","robots":{"index":"index","follow":"follow","max-snippet":"max-snippet:-1","max-image-preview":"max-image-preview:large","max-video-preview":"max-video-preview:-1"},"canonical":"https:\/\/vrhotels.co.nz\/silver-fern-lodge\/things-to-do\/dining\/","og_locale":"en_US","og_type":"article","og_title":"Dining","og_description":"Get a taste of real New Zealand cuisine in Taup\u014d. With amazing eateries, world-class bakeries, and homey cafes \u2013 you\u2019re spoilt for choice!","og_url":"https:\/\/vrhotels.co.nz\/silver-fern-lodge\/things-to-do\/dining\/","og_site_name":"Silver Fern Lodge","article_modified_time":"2021-11-01T23:39:09+00:00","og_image":[{"width":960,"height":640,"url":"https:\/\/vrhotels.co.nz\/silver-fern-lodge\/wp-content\/uploads\/sites\/11\/2021\/07\/dining.jpg","type":"image\/jpeg"}],"twitter_card":"summary_large_image","twitter_misc":{"Est. reading time":"1 minute"},"schema":{"@context":"https:\/\/schema.org","@graph":[{"@type":"WebSite","@id":"https:\/\/vrhotels.co.nz\/silver-fern-lodge\/#website","url":"https:\/\/vrhotels.co.nz\/silver-fern-lodge\/","name":"Silver Fern Lodge","description":"VR Hotels and Resorts","potentialAction":[{"@type":"SearchAction","target":{"@type":"EntryPoint","urlTemplate":"https:\/\/vrhotels.co.nz\/silver-fern-lodge\/?s={search_term_string}"},"query-input":"required name=search_term_string"}],"inLanguage":"en-US"},{"@type":"ImageObject","@id":"https:\/\/vrhotels.co.nz\/silver-fern-lodge\/things-to-do\/dining\/#primaryimage","inLanguage":"en-US","url":"https:\/\/vrhotels.co.nz\/silver-fern-lodge\/wp-content\/uploads\/sites\/11\/2021\/07\/dining.jpg","contentUrl":"https:\/\/vrhotels.co.nz\/silver-fern-lodge\/wp-content\/uploads\/sites\/11\/2021\/07\/dining.jpg","width":960,"height":640},{"@type":"WebPage","@id":"https:\/\/vrhotels.co.nz\/silver-fern-lodge\/things-to-do\/dining\/#webpage","url":"https:\/\/vrhotels.co.nz\/silver-fern-lodge\/things-to-do\/dining\/","name":"Dining - Silver Fern Lodge","isPartOf":{"@id":"https:\/\/vrhotels.co.nz\/silver-fern-lodge\/#website"},"primaryImageOfPage":{"@id":"https:\/\/vrhotels.co.nz\/silver-fern-lodge\/things-to-do\/dining\/#primaryimage"},"datePublished":"2021-07-23T01:47:16+00:00","dateModified":"2021-11-01T23:39:09+00:00","description":"Get a taste of real New Zealand cuisine in Taup\u014d. With amazing eateries, world-class bakeries, and homey cafes \u2013 you\u2019re spoilt for choice!","breadcrumb":{"@id":"https:\/\/vrhotels.co.nz\/silver-fern-lodge\/things-to-do\/dining\/#breadcrumb"},"inLanguage":"en-US","potentialAction":[{"@type":"ReadAction","target":["https:\/\/vrhotels.co.nz\/silver-fern-lodge\/things-to-do\/dining\/"]}]},{"@type":"BreadcrumbList","@id":"https:\/\/vrhotels.co.nz\/silver-fern-lodge\/things-to-do\/dining\/#breadcrumb","itemListElement":[{"@type":"ListItem","position":1,"name":"Home","item":"https:\/\/vrhotels.co.nz\/silver-fern-lodge\/"},{"@type":"ListItem","position":2,"name":"Things to do","item":"https:\/\/vrhotels.co.nz\/silver-fern-lodge\/things-to-do\/"},{"@type":"ListItem","position":3,"name":"Dining"}]}]}},"_links":{"self":[{"href":"https:\/\/vrhotels.co.nz\/silver-fern-lodge\/wp-json\/wp\/v2\/pages\/2250"}],"collection":[{"href":"https:\/\/vrhotels.co.nz\/silver-fern-lodge\/wp-json\/wp\/v2\/pages"}],"about":[{"href":"https:\/\/vrhotels.co.nz\/silver-fern-lodge\/wp-json\/wp\/v2\/types\/page"}],"author":[{"embeddable":true,"href":"https:\/\/vrhotels.co.nz\/silver-fern-lodge\/wp-json\/wp\/v2\/users\/1"}],"replies":[{"embeddable":true,"href":"https:\/\/vrhotels.co.nz\/silver-fern-lodge\/wp-json\/wp\/v2\/comments?post=2250"}],"version-history":[{"count":0,"href":"https:\/\/vrhotels.co.nz\/silver-fern-lodge\/wp-json\/wp\/v2\/pages\/2250\/revisions"}],"up":[{"embeddable":true,"href":"https:\/\/vrhotels.co.nz\/silver-fern-lodge\/wp-json\/wp\/v2\/pages\/2213"}],"wp:featuredmedia":[{"embeddable":true,"href":"https:\/\/vrhotels.co.nz\/silver-fern-lodge\/wp-json\/wp\/v2\/media\/2251"}],"wp:attachment":[{"href":"https:\/\/vrhotels.co.nz\/silver-fern-lodge\/wp-json\/wp\/v2\/media?parent=2250"}],"curies":[{"name":"wp","href":"https:\/\/api.w.org\/{rel}","templated":true}]}}